{"id":57,"date":"2018-09-07T10:12:00","date_gmt":"2018-09-07T10:12:00","guid":{"rendered":"http:\/\/sof.pyx.no\/?page_id=57"},"modified":"2018-09-07T10:12:07","modified_gmt":"2018-09-07T10:12:07","slug":"ansatte","status":"publish","type":"page","link":"https:\/\/solstadfamilyoffice.no\/?page_id=57","title":{"rendered":"Kontakt"},"content":{"rendered":"<p>Solstad Family Office er tuftet p\u00e5 de stolte tradisjonene til rederi-familien Solstad i Skudeneshavn. Solstad Familiy Office har som hovedoppgave er forvalte og utvikle verdier p\u00e5 vegne av aksjon\u00e6rfellesskapet.<\/p>\n<p>Selskapet leverer profesjonelle tjenester innenfor forretningsomr\u00e5dene finans og eiendom, og selv om selskapet tar initiativ til utvikling og spennende samarbeidsprosjekter, ligger hovedfokus p\u00e5 trygghet, stabilitet og langsiktighet.<\/p>\n<p>Selskapet har en liten men h\u00f8ykompetent stab, og med fokus p\u00e5 p\u00e5litelighet og integritet er de opptatt av \u00e5 levere solid kvalitet i alle ledd.<\/p>\n","protected":false},"excerpt":{"rendered":"<p>Solstad Family Office er tuftet p\u00e5 de stolte tradisjonene til rederi-familien Solstad i Skudeneshavn. Solstad Familiy Office har som hovedoppgave er forvalte og utvikle verdier p\u00e5 vegne av aksjon\u00e6rfellesskapet. Selskapet leverer profesjonelle tjenester innenfor forretningsomr\u00e5dene finans og eiendom, og selv om selskapet tar initiativ til utvikling og spennende samarbeidsprosjekter, ligger hovedfokus p\u00e5 trygghet, stabilitet og &hellip; <\/p>\n<p class=\"link-more\"><a href=\"https:\/\/solstadfamilyoffice.no\/?page_id=57\" class=\"more-link\">Continue reading<span class=\"screen-reader-text\"> &#8220;Kontakt&#8221;<\/span><\/a><\/p>\n","protected":false},"author":1,"featured_media":0,"parent":0,"menu_order":0,"comment_status":"closed","ping_status":"closed","template":"","meta":{"footnotes":""},"class_list":["post-57","page","type-page","status-publish","hentry"],"acf":[],"jetpack_sharing_enabled":true,"_links":{"self":[{"href":"https:\/\/solstadfamilyoffice.no\/index.php?rest_route=\/wp\/v2\/pages\/57","targetHints":{"allow":["GET"]}}],"collection":[{"href":"https:\/\/solstadfamilyoffice.no\/index.php?rest_route=\/wp\/v2\/pages"}],"about":[{"href":"https:\/\/solstadfamilyoffice.no\/index.php?rest_route=\/wp\/v2\/types\/page"}],"author":[{"embeddable":true,"href":"https:\/\/solstadfamilyoffice.no\/index.php?rest_route=\/wp\/v2\/users\/1"}],"replies":[{"embeddable":true,"href":"https:\/\/solstadfamilyoffice.no\/index.php?rest_route=%2Fwp%2Fv2%2Fcomments&post=57"}],"version-history":[{"count":0,"href":"https:\/\/solstadfamilyoffice.no\/index.php?rest_route=\/wp\/v2\/pages\/57\/revisions"}],"wp:attachment":[{"href":"https:\/\/solstadfamilyoffice.no\/index.php?rest_route=%2Fwp%2Fv2%2Fmedia&parent=57"}],"curies":[{"name":"wp","href":"https:\/\/api.w.org\/{rel}","templated":true}]}}